{"id":889,"date":"2020-09-22T14:56:13","date_gmt":"2020-09-22T12:56:13","guid":{"rendered":"https:\/\/lobez-ldk.home.pl\/?page_id=889"},"modified":"2020-09-29T10:53:48","modified_gmt":"2020-09-29T08:53:48","slug":"szkola-tanca","status":"publish","type":"page","link":"https:\/\/lobez-ldk.home.pl\/index.php\/szkola-tanca\/","title":{"rendered":"Szko\u0142a ta\u0144ca"},"content":{"rendered":"\n<p><strong>Szko\u0142a ta\u0144ca &#8222;Iskra&#8221; (zumba, taniec, towarzyski, rytmika) <br>Instruktor: Katarzyna Radomska<\/strong><\/p>\n\n\n\n<p><a rel=\"noreferrer noopener\" href=\"https:\/\/www.facebook.com\/mobilna.szkola.tanca.i.fitnessu\/videos\/512210436015194\" target=\"_blank\">Zobacz film szko\u0142y<\/a><\/p>\n\n\n\n<figure class=\"wp-block-image size-large\"><img loading=\"lazy\" width=\"960\" height=\"960\" src=\"https:\/\/lobez-ldk.home.pl\/wp-content\/uploads\/2020\/09\/zumba1.jpg\" alt=\"\" class=\"wp-image-1073\" srcset=\"https:\/\/lobez-ldk.home.pl\/wp-content\/uploads\/2020\/09\/zumba1.jpg 960w, https:\/\/lobez-ldk.home.pl\/wp-content\/uploads\/2020\/09\/zumba1-300x300.jpg 300w, https:\/\/lobez-ldk.home.pl\/wp-content\/uploads\/2020\/09\/zumba1-150x150.jpg 150w, https:\/\/lobez-ldk.home.pl\/wp-content\/uploads\/2020\/09\/zumba1-768x768.jpg 768w\" sizes=\"(max-width: 960px) 100vw, 960px\" \/><\/figure>\n\n\n\n<figure class=\"wp-block-embed-facebook wp-block-embed is-type-video is-provider-facebook\"><div class=\"wp-block-embed__wrapper\">\n<div id=\"fb-root\"><\/div><script async=\"1\" defer=\"1\" crossorigin=\"anonymous\" src=\"https:\/\/connect.facebook.net\/pl_PL\/sdk.js#xfbml=1&amp;version=v8.0\" nonce=\"7o3eG0Iy\"><\/script><div class=\"fb-video\" data-href=\"https:\/\/www.facebook.com\/mobilna.szkola.tanca.i.fitnessu\/videos\/512210436015194\" data-width=\"800\"><blockquote cite=\"https:\/\/www.facebook.com\/mobilna.szkola.tanca.i.fitnessu\/videos\/512210436015194\/\" class=\"fb-xfbml-parse-ignore\"><a href=\"https:\/\/www.facebook.com\/mobilna.szkola.tanca.i.fitnessu\/videos\/512210436015194\/\">\u2757\ufe0fNowy Nab\u00f3r ju\u017c od PA\u0179DZIERNIKA\u2757\ufe0fMobilna Szko\u0142a Ta\u0144ca i Fitnessu &quot;ISKRA&quot;<\/a><p>\u2757\ufe0fNowy Nab\u00f3r ju\u017c od PA\u0179DZIERNIKA\u2757\ufe0f\u015aWIDWIN, \u0141OBEZ,GRYFICE,RESKOZAJ\u0118CIA: \u2714\ufe0fRYTMICZNO-TANECZNE,\u2714\ufe0fZUMBA dla dzieci, m\u0142odzie\u017cy,\u2714\ufe0fTANIEC TOWARZYSKI dla dzieci, m\u0142odzie\u017cy, doros\u0142ychtel.669 007 830<\/p>Opublikowany przez <a href=\"https:\/\/www.facebook.com\/mobilna.szkola.tanca.i.fitnessu\/\">Mobilna Szko\u0142a Ta\u0144ca i Fitnessu &quot;Iskra&quot;<\/a> \u015aroda, 4 wrze\u015bnia 2019<\/blockquote><\/div>\n<\/div><\/figure>\n\n\n\n<p><\/p>\n<div class=\"pvc_clear\"><\/div><p class=\"pvc_stats total_only \" data-element-id=\"889\" style=\"\"><i class=\"pvc-stats-icon medium\" aria-hidden=\"true\"><svg xmlns=\"http:\/\/www.w3.org\/2000\/svg\" version=\"1.0\" viewBox=\"0 0 502 315\" preserveAspectRatio=\"xMidYMid meet\"><g transform=\"translate(0,332) scale(0.1,-0.1)\" fill=\"\" stroke=\"none\"><path d=\"M2394 3279 l-29 -30 -3 -207 c-2 -182 0 -211 15 -242 39 -76 157 -76 196 0 15 31 17 60 15 243 l-3 209 -33 29 c-26 23 -41 29 -80 29 -41 0 -53 -5 -78 -31z\"\/><path d=\"M3085 3251 c-45 -19 -58 -50 -96 -229 -47 -217 -49 -260 -13 -295 52 -53 146 -42 177 20 16 31 87 366 87 410 0 70 -86 122 -155 94z\"\/><path d=\"M1751 3234 c-13 -9 -29 -31 -37 -50 -12 -29 -10 -49 21 -204 19 -94 39 -189 45 -210 14 -50 54 -80 110 -80 34 0 48 6 76 34 21 21 34 44 34 59 0 14 -18 113 -40 219 -37 178 -43 195 -70 221 -36 32 -101 37 -139 11z\"\/><path d=\"M1163 3073 c-36 -7 -73 -59 -73 -102 0 -56 133 -378 171 -413 34 -32 83 -37 129 -13 70 36 67 87 -16 290 -86 209 -89 214 -129 231 -35 14 -42 15 -82 7z\"\/><path d=\"M3689 3066 c-15 -9 -33 -30 -42 -48 -48 -103 -147 -355 -147 -375 0 -98 131 -148 192 -74 13 15 57 108 97 206 80 196 84 226 37 273 -30 30 -99 39 -137 18z\"\/><path d=\"M583 2784 c-38 -19 -67 -74 -58 -113 9 -42 211 -354 242 -373 16 -10 45 -18 66 -18 51 0 107 52 107 100 0 39 -1 41 -124 234 -80 126 -108 162 -133 173 -41 17 -61 16 -100 -3z\"\/><path d=\"M4250 2784 c-14 -9 -74 -91 -133 -183 -95 -150 -107 -173 -107 -213 0 -55 33 -94 87 -104 67 -13 90 8 211 198 130 202 137 225 78 284 -27 27 -42 34 -72 34 -22 0 -50 -8 -64 -16z\"\/><path d=\"M2275 2693 c-553 -48 -1095 -270 -1585 -649 -135 -104 -459 -423 -483 -476 -23 -49 -22 -139 2 -186 73 -142 361 -457 571 -626 285 -228 642 -407 990 -497 242 -63 336 -73 660 -74 310 0 370 5 595 52 535 111 1045 392 1455 803 122 121 250 273 275 326 19 41 19 137 0 174 -41 79 -309 363 -465 492 -447 370 -946 591 -1479 653 -113 14 -422 18 -536 8z m395 -428 c171 -34 330 -124 456 -258 112 -119 167 -219 211 -378 27 -96 24 -300 -5 -401 -72 -255 -236 -447 -474 -557 -132 -62 -201 -76 -368 -76 -167 0 -236 14 -368 76 -213 98 -373 271 -451 485 -162 444 86 934 547 1084 153 49 292 57 452 25z m909 -232 c222 -123 408 -262 593 -441 76 -74 138 -139 138 -144 0 -16 -233 -242 -330 -319 -155 -123 -309 -223 -461 -299 l-81 -41 32 46 c18 26 49 83 70 128 143 306 141 649 -6 957 -25 52 -61 116 -79 142 l-34 47 45 -20 c26 -10 76 -36 113 -56z m-2057 25 c-40 -58 -105 -190 -130 -263 -110 -324 -59 -707 132 -981 25 -35 42 -64 37 -64 -19 0 -241 119 -326 174 -188 122 -406 314 -532 468 l-58 71 108 103 c185 178 428 349 672 473 66 33 121 60 123 61 2 0 -10 -19 -26 -42z\"\/><path d=\"M2375 1950 c-198 -44 -350 -190 -395 -379 -18 -76 -8 -221 19 -290 114 -284 457 -406 731 -260 98 52 188 154 231 260 27 69 37 214 19 290 -38 163 -166 304 -326 360 -67 23 -215 33 -279 19z\"\/><\/g><\/svg><\/i> &nbsp;8,267&nbsp;odwiedzin<\/p><div class=\"pvc_clear\"><\/div>","protected":false},"excerpt":{"rendered":"<p>Szko\u0142a ta\u0144ca &#8222;Iskra&#8221; (zumba, taniec, towarzyski, rytmika) Instruktor: Katarzyna Radomska Zobacz film szko\u0142y &nbsp;8,267&nbsp;odwiedzin<\/p>\n","protected":false},"author":1,"featured_media":0,"parent":0,"menu_order":0,"comment_status":"closed","ping_status":"closed","template":"","meta":{"sfsi_plus_gutenberg_text_before_share":"","sfsi_plus_gutenberg_show_text_before_share":"","sfsi_plus_gutenberg_icon_type":"","sfsi_plus_gutenberg_icon_alignemt":"","sfsi_plus_gutenburg_max_per_row":"","ngg_post_thumbnail":0},"_links":{"self":[{"href":"https:\/\/lobez-ldk.home.pl\/index.php\/wp-json\/wp\/v2\/pages\/889"}],"collection":[{"href":"https:\/\/lobez-ldk.home.pl\/index.php\/wp-json\/wp\/v2\/pages"}],"about":[{"href":"https:\/\/lobez-ldk.home.pl\/index.php\/wp-json\/wp\/v2\/types\/page"}],"author":[{"embeddable":true,"href":"https:\/\/lobez-ldk.home.pl\/index.php\/wp-json\/wp\/v2\/users\/1"}],"replies":[{"embeddable":true,"href":"https:\/\/lobez-ldk.home.pl\/index.php\/wp-json\/wp\/v2\/comments?post=889"}],"version-history":[{"count":6,"href":"https:\/\/lobez-ldk.home.pl\/index.php\/wp-json\/wp\/v2\/pages\/889\/revisions"}],"predecessor-version":[{"id":1077,"href":"https:\/\/lobez-ldk.home.pl\/index.php\/wp-json\/wp\/v2\/pages\/889\/revisions\/1077"}],"wp:attachment":[{"href":"https:\/\/lobez-ldk.home.pl\/index.php\/wp-json\/wp\/v2\/media?parent=889"}],"curies":[{"name":"wp","href":"https:\/\/api.w.org\/{rel}","templated":true}]}}