{"id":365,"date":"2020-09-13T19:54:34","date_gmt":"2020-09-13T17:54:34","guid":{"rendered":"https:\/\/lobez-ldk.home.pl\/?page_id=365"},"modified":"2023-05-27T11:50:54","modified_gmt":"2023-05-27T09:50:54","slug":"orkiestra-deta","status":"publish","type":"page","link":"https:\/\/lobez-ldk.home.pl\/index.php\/orkiestra-deta\/","title":{"rendered":"Orkiestra d\u0119ta"},"content":{"rendered":"\n<p><strong>Dzieci\u0119co-m\u0142odzie\u017cowa Orkiestra D\u0119ta<br>Dyrygent: Dariusz Ledzion<\/strong><\/p>\n\n\n\n<p>\u0141obeski Dom Kultury ma zaszczyt zaprosi\u0107 Ci\u0119 do do\u0142\u0105czenia do <strong>M\u0142odzie\u017cowej Orkiestry D\u0119tej<\/strong>. Jest to wyj\u0105tkowa mo\u017cliwo\u015b\u0107 do\u015bwiadczenia muzyki na najwy\u017cszym poziomie i rozwini\u0119cia swojego talentu w przyjaznej i inspiruj\u0105cej atmosferze.<\/p>\n\n\n\n<p>Dlaczego warto do nas do\u0142\u0105czy\u0107?<\/p>\n\n\n\n<ol type=\"1\"><li>Profesjonalne kierownictwo:<br>&nbsp;M\u0142odzie\u017cowa Orkiestra D\u0119ta \u0141obeskiego Domu Kultury jest prowadzona przez do\u015bwiadczonego dyrygenta, kt\u00f3ry wprowadzi Ci\u0119 w \u015bwiat muzyki orkiestrowej. B\u0119dziesz mie\u0107 okazj\u0119 uczy\u0107 si\u0119 i doskonali\u0107 swoje umiej\u0119tno\u015bci pod jego czujnym okiem.<\/li><li>Wielo\u015b\u0107 repertuaru:<br>Nasza orkiestra wykonuje r\u00f3\u017cnorodny repertuar, obejmuj\u0105cy klasyk\u0119, muzyk\u0119 filmow\u0105 i popularn\u0105. B\u0119dziesz mie\u0107 okazj\u0119 eksplorowa\u0107 r\u00f3\u017cne style muzyczne i rozwija\u0107 swoje umiej\u0119tno\u015bci interpretacyjne w r\u00f3\u017cnych kontekstach muzycznych.<\/li><li>Koncerty i wyst\u0119py:<br>Do\u0142\u0105czaj\u0105c do naszej orkiestry, b\u0119dziesz mia\u0142\/a mo\u017cliwo\u015b\u0107 uczestnictwa w koncertach i wyst\u0119pach na r\u00f3\u017cnych scenach. B\u0119dziesz m\u00f3g\u0142\/mog\u0142a podzieli\u0107 si\u0119 swoj\u0105 muzyk\u0105 z publiczno\u015bci\u0105 i do\u015bwiadczy\u0107 rado\u015bci wyst\u0119powania w zespole.<\/li><li>Przyja\u017a\u0144 i wsp\u00f3\u0142praca:<br>M\u0142odzie\u017cowa Orkiestra D\u0119ta to r\u00f3wnie\u017c \u015bwietne miejsce do nawi\u0105zywania nowych znajomo\u015bci i budowania trwa\u0142ych przyja\u017ani. B\u0119dziesz m\u00f3g\u0142\/mog\u0142a pozna\u0107 innych utalentowanych muzyk\u00f3w, kt\u00f3rzy podobnie jak Ty kochaj\u0105 muzyk\u0119 i graj\u0105 na instrumentach d\u0119tych.<\/li><li>Rozw\u00f3j osobisty:<br>Granie w orkiestrze d\u0119tej nie tylko rozwija umiej\u0119tno\u015bci muzyczne, ale r\u00f3wnie\u017c wspiera rozw\u00f3j osobisty. B\u0119dziesz doskonali\u0107 umiej\u0119tno\u015bci pracy zespo\u0142owej, koncentracj\u0119, umiej\u0119tno\u015b\u0107 s\u0142uchania i reagowania na sygna\u0142y dyrygenta. Te umiej\u0119tno\u015bci s\u0105 warto\u015bciowe nie tylko w muzyce, ale r\u00f3wnie\u017c w innych dziedzinach \u017cycia.<\/li><\/ol>\n\n\n\n<p>Je\u015bli jeste\u015b pe\u0142en entuzjazmu i pasji do muzyki, zapraszamy Ci\u0119 do zapisania si\u0119 do M\u0142odzie\u017cowej Orkiestry D\u0119tej \u0141obeskiego Domu Kultury.<br>Przyjd\u017a i odkryj magi\u0119 wsp\u00f3lnego muzykowania.<br>Czekamy na Ciebie!<\/p>\n\n\n\n<p><\/p>\n\n\n\n<div class=\"wp-block-image\"><figure class=\"alignleft size-large is-resized\"><img loading=\"lazy\" src=\"https:\/\/lobez-ldk.home.pl\/wp-content\/uploads\/2020\/10\/video.png\" alt=\"\" class=\"wp-image-1132\" width=\"63\" height=\"66\" srcset=\"https:\/\/lobez-ldk.home.pl\/wp-content\/uploads\/2020\/10\/video.png 311w, https:\/\/lobez-ldk.home.pl\/wp-content\/uploads\/2020\/10\/video-287x300.png 287w\" sizes=\"(max-width: 63px) 100vw, 63px\" \/><\/figure><\/div>\n\n\n\n<p>Obejrzyj filmy z udzia\u0142em m\u0142odzie\u017cowej orkiestry d\u0119tej:<\/p>\n\n\n\n<p><a rel=\"noreferrer noopener\" href=\"https:\/\/drive.google.com\/file\/d\/1VwtUaCmRC0CzOyWmsP8tw1---09pjbp5\/view?usp=sharing\" target=\"_blank\">Wertramte Melodien<\/a><br><a rel=\"noreferrer noopener\" href=\"https:\/\/drive.google.com\/file\/d\/1YdaVOHQVO36niEO6C1UMvWTNAZ12PbZa\/view?usp=sharing\" target=\"_blank\">Polka Rubaszka<\/a><br>                   <a rel=\"noreferrer noopener\" href=\"https:\/\/drive.google.com\/file\/d\/1izA9eJp3LQk00WhvBKYQG8lr8danugKK\/view?usp=sharing\" target=\"_blank\">Riders marsz<\/a><\/p>\n\n\n\n<p><\/p>\n\n\n\n<p><\/p>\n<div class=\"pvc_clear\"><\/div><p class=\"pvc_stats total_only \" data-element-id=\"365\" style=\"\"><i class=\"pvc-stats-icon medium\" aria-hidden=\"true\"><svg xmlns=\"http:\/\/www.w3.org\/2000\/svg\" version=\"1.0\" viewBox=\"0 0 502 315\" preserveAspectRatio=\"xMidYMid meet\"><g transform=\"translate(0,332) scale(0.1,-0.1)\" fill=\"\" stroke=\"none\"><path d=\"M2394 3279 l-29 -30 -3 -207 c-2 -182 0 -211 15 -242 39 -76 157 -76 196 0 15 31 17 60 15 243 l-3 209 -33 29 c-26 23 -41 29 -80 29 -41 0 -53 -5 -78 -31z\"\/><path d=\"M3085 3251 c-45 -19 -58 -50 -96 -229 -47 -217 -49 -260 -13 -295 52 -53 146 -42 177 20 16 31 87 366 87 410 0 70 -86 122 -155 94z\"\/><path d=\"M1751 3234 c-13 -9 -29 -31 -37 -50 -12 -29 -10 -49 21 -204 19 -94 39 -189 45 -210 14 -50 54 -80 110 -80 34 0 48 6 76 34 21 21 34 44 34 59 0 14 -18 113 -40 219 -37 178 -43 195 -70 221 -36 32 -101 37 -139 11z\"\/><path d=\"M1163 3073 c-36 -7 -73 -59 -73 -102 0 -56 133 -378 171 -413 34 -32 83 -37 129 -13 70 36 67 87 -16 290 -86 209 -89 214 -129 231 -35 14 -42 15 -82 7z\"\/><path d=\"M3689 3066 c-15 -9 -33 -30 -42 -48 -48 -103 -147 -355 -147 -375 0 -98 131 -148 192 -74 13 15 57 108 97 206 80 196 84 226 37 273 -30 30 -99 39 -137 18z\"\/><path d=\"M583 2784 c-38 -19 -67 -74 -58 -113 9 -42 211 -354 242 -373 16 -10 45 -18 66 -18 51 0 107 52 107 100 0 39 -1 41 -124 234 -80 126 -108 162 -133 173 -41 17 -61 16 -100 -3z\"\/><path d=\"M4250 2784 c-14 -9 -74 -91 -133 -183 -95 -150 -107 -173 -107 -213 0 -55 33 -94 87 -104 67 -13 90 8 211 198 130 202 137 225 78 284 -27 27 -42 34 -72 34 -22 0 -50 -8 -64 -16z\"\/><path d=\"M2275 2693 c-553 -48 -1095 -270 -1585 -649 -135 -104 -459 -423 -483 -476 -23 -49 -22 -139 2 -186 73 -142 361 -457 571 -626 285 -228 642 -407 990 -497 242 -63 336 -73 660 -74 310 0 370 5 595 52 535 111 1045 392 1455 803 122 121 250 273 275 326 19 41 19 137 0 174 -41 79 -309 363 -465 492 -447 370 -946 591 -1479 653 -113 14 -422 18 -536 8z m395 -428 c171 -34 330 -124 456 -258 112 -119 167 -219 211 -378 27 -96 24 -300 -5 -401 -72 -255 -236 -447 -474 -557 -132 -62 -201 -76 -368 -76 -167 0 -236 14 -368 76 -213 98 -373 271 -451 485 -162 444 86 934 547 1084 153 49 292 57 452 25z m909 -232 c222 -123 408 -262 593 -441 76 -74 138 -139 138 -144 0 -16 -233 -242 -330 -319 -155 -123 -309 -223 -461 -299 l-81 -41 32 46 c18 26 49 83 70 128 143 306 141 649 -6 957 -25 52 -61 116 -79 142 l-34 47 45 -20 c26 -10 76 -36 113 -56z m-2057 25 c-40 -58 -105 -190 -130 -263 -110 -324 -59 -707 132 -981 25 -35 42 -64 37 -64 -19 0 -241 119 -326 174 -188 122 -406 314 -532 468 l-58 71 108 103 c185 178 428 349 672 473 66 33 121 60 123 61 2 0 -10 -19 -26 -42z\"\/><path d=\"M2375 1950 c-198 -44 -350 -190 -395 -379 -18 -76 -8 -221 19 -290 114 -284 457 -406 731 -260 98 52 188 154 231 260 27 69 37 214 19 290 -38 163 -166 304 -326 360 -67 23 -215 33 -279 19z\"\/><\/g><\/svg><\/i> &nbsp;6,657&nbsp;odwiedzin<\/p><div class=\"pvc_clear\"><\/div>","protected":false},"excerpt":{"rendered":"<p>Dzieci\u0119co-m\u0142odzie\u017cowa Orkiestra D\u0119taDyrygent: Dariusz Ledzion \u0141obeski Dom Kultury ma zaszczyt zaprosi\u0107 Ci\u0119 do do\u0142\u0105czenia do M\u0142odzie\u017cowej Orkiestry D\u0119tej. Jest to<\/p>\n","protected":false},"author":1,"featured_media":0,"parent":0,"menu_order":0,"comment_status":"closed","ping_status":"closed","template":"","meta":{"sfsi_plus_gutenberg_text_before_share":"","sfsi_plus_gutenberg_show_text_before_share":"","sfsi_plus_gutenberg_icon_type":"","sfsi_plus_gutenberg_icon_alignemt":"","sfsi_plus_gutenburg_max_per_row":"","ngg_post_thumbnail":0},"_links":{"self":[{"href":"https:\/\/lobez-ldk.home.pl\/index.php\/wp-json\/wp\/v2\/pages\/365"}],"collection":[{"href":"https:\/\/lobez-ldk.home.pl\/index.php\/wp-json\/wp\/v2\/pages"}],"about":[{"href":"https:\/\/lobez-ldk.home.pl\/index.php\/wp-json\/wp\/v2\/types\/page"}],"author":[{"embeddable":true,"href":"https:\/\/lobez-ldk.home.pl\/index.php\/wp-json\/wp\/v2\/users\/1"}],"replies":[{"embeddable":true,"href":"https:\/\/lobez-ldk.home.pl\/index.php\/wp-json\/wp\/v2\/comments?post=365"}],"version-history":[{"count":10,"href":"https:\/\/lobez-ldk.home.pl\/index.php\/wp-json\/wp\/v2\/pages\/365\/revisions"}],"predecessor-version":[{"id":2370,"href":"https:\/\/lobez-ldk.home.pl\/index.php\/wp-json\/wp\/v2\/pages\/365\/revisions\/2370"}],"wp:attachment":[{"href":"https:\/\/lobez-ldk.home.pl\/index.php\/wp-json\/wp\/v2\/media?parent=365"}],"curies":[{"name":"wp","href":"https:\/\/api.w.org\/{rel}","templated":true}]}}