{"id":294,"date":"2020-09-12T20:23:01","date_gmt":"2020-09-12T18:23:01","guid":{"rendered":"https:\/\/lobez-ldk.home.pl\/?page_id=294"},"modified":"2023-05-27T10:26:35","modified_gmt":"2023-05-27T08:26:35","slug":"swietlice","status":"publish","type":"page","link":"https:\/\/lobez-ldk.home.pl\/index.php\/swietlice\/","title":{"rendered":"\u015awietlice"},"content":{"rendered":"\n<p><br>\u0141obeski Dom Kultury zarz\u0105dza \u015bwietlicami wiejskimi, kt\u00f3re s\u0105 miejscami spotka\u0144 i aktywno\u015bci dla mieszka\u0144c\u00f3w obszar\u00f3w wiejskich. <br>Cele i zadania \u015bwietlic wiejskich w \u0141obeskim Domu Kultury mog\u0105 obejmowa\u0107:<\/p>\n\n\n\n<ol><li>Integracja spo\u0142eczno\u015bci wiejskiej: \u015awietlica wiejska ma za zadanie integrowa\u0107 lokaln\u0105 spo\u0142eczno\u015b\u0107 wiejsk\u0105 poprzez organizacj\u0119 r\u00f3\u017cnorodnych aktywno\u015bci i wydarze\u0144. Mo\u017ce to obejmowa\u0107 spotkania, warsztaty, imprezy kulturalne, zabawy dla dzieci, turnieje sportowe i wiele innych, kt\u00f3re anga\u017cuj\u0105 mieszka\u0144c\u00f3w i tworz\u0105 silne wi\u0119zi spo\u0142eczne.<br><\/li><li>Kultura i sztuka: \u015awietlica wiejska mo\u017ce by\u0107 miejscem promocji kultury i sztuki w\u015br\u00f3d mieszka\u0144c\u00f3w wiejskich obszar\u00f3w. Mo\u017ce organizowa\u0107 wystawy sztuki, koncerty, spektakle teatralne, pokazy filmowe i inne wydarzenia kulturalne, kt\u00f3re o\u017cywiaj\u0105 lokaln\u0105 scen\u0119 artystyczn\u0105 i daj\u0105 mo\u017cliwo\u015b\u0107 uczestnictwa w kulturalnych do\u015bwiadczeniach.<br><\/li><li>Edukacja i wsparcie rozwoju: \u015awietlica wiejska mo\u017ce pe\u0142ni\u0107 rol\u0119 edukacyjn\u0105, oferuj\u0105c r\u00f3\u017cnorodne programy i warsztaty dla mieszka\u0144c\u00f3w. Mo\u017ce to obejmowa\u0107 lekcje j\u0119zyka, zaj\u0119cia taneczne, warsztaty artystyczne, kursy komputerowe, porady dotycz\u0105ce rozwoju osobistego i wiele innych, kt\u00f3re wspieraj\u0105 rozw\u00f3j i uczenie si\u0119 w\u015br\u00f3d lokalnej spo\u0142eczno\u015bci.<br><\/li><li>Aktywno\u015b\u0107 fizyczna i sport: \u015awietlica wiejska mo\u017ce zach\u0119ca\u0107 mieszka\u0144c\u00f3w do aktywnego trybu \u017cycia poprzez organizacj\u0119 r\u00f3\u017cnych zaj\u0119\u0107 sportowych i rekreacyjnych. Mo\u017ce to obejmowa\u0107 treningi sportowe, zaj\u0119cia fitness, turnieje sportowe, spacery czy bieganie, kt\u00f3re promuj\u0105 zdrowie i aktywno\u015b\u0107 fizyczn\u0105.<br><\/li><li>Spotkania i wsparcie spo\u0142eczne: \u015awietlica wiejska mo\u017ce s\u0142u\u017cy\u0107 jako miejsce spotka\u0144, gdzie mieszka\u0144cy mog\u0105 wymienia\u0107 si\u0119 do\u015bwiadczeniami, wspiera\u0107 si\u0119 nawzajem i rozwija\u0107 sieci spo\u0142eczne. Mo\u017ce organizowa\u0107 grupy wsparcia, spotkania klub\u00f3w zainteresowa\u0144, dyskusje na tematy spo\u0142eczne i wiele innych, kt\u00f3re buduj\u0105 spo\u0142eczno\u015b\u0107 i daj\u0105 mo\u017cliwo\u015b\u0107 interakcji mi\u0119dzy mieszka\u0144cami.<\/li><\/ol>\n\n\n\n<p>Cele i zadania \u015bwietlic wiejskich w \u0141obeskim Domu Kultury s\u0105 zwi\u0105zane z integracj\u0105 spo\u0142eczno\u015bci wiejskiej, promocj\u0105 kultury i sztuki, edukacj\u0105, aktywno\u015bci\u0105 fizyczn\u0105, wsparciem spo\u0142ecznym oraz tworzeniem miejsc spotka\u0144 i wsp\u00f3\u0142pracy. Poprzez r\u00f3\u017cnorodne dzia\u0142ania, \u015bwietlica wiejska staje si\u0119 wa\u017cnym centrum spo\u0142ecznym dla mieszka\u0144c\u00f3w obszar\u00f3w wiejskich.<\/p>\n\n\n\n<figure class=\"wp-block-table\"><table><tbody><tr><td><br><a>\u015aWIETLICA WIEJSKA W <\/a><\/td><td><\/td><td><\/td><td><\/td><\/tr><tr><td><\/td><td><\/td><td><\/td><td><\/td><\/tr><tr><td><\/td><td><\/td><td><\/td><td><\/td><\/tr><tr><td><\/td><td><\/td><td><\/td><td><\/td><\/tr><tr><td><\/td><td><\/td><td><\/td><td><\/td><\/tr><tr><td><\/td><td><\/td><td><\/td><td><\/td><\/tr><tr><td><\/td><td><\/td><td><\/td><td><\/td><\/tr><tr><td><\/td><td><\/td><td><\/td><td><\/td><\/tr><tr><td><\/td><td><\/td><td><\/td><td><\/td><\/tr><tr><td><\/td><td><\/td><td><\/td><td><\/td><\/tr><tr><td><\/td><td><\/td><td><\/td><td><\/td><\/tr><tr><td><\/td><td><\/td><td><\/td><td><\/td><\/tr><tr><td><\/td><td><\/td><td><\/td><td><\/td><\/tr><tr><td><\/td><td><\/td><td><\/td><td><\/td><\/tr><tr><td><\/td><td><\/td><td><\/td><td><\/td><\/tr><tr><td><\/td><td><\/td><td><\/td><td><\/td><\/tr><\/tbody><\/table><\/figure>\n<div class=\"pvc_clear\"><\/div><p class=\"pvc_stats total_only \" data-element-id=\"294\" style=\"\"><i class=\"pvc-stats-icon medium\" aria-hidden=\"true\"><svg xmlns=\"http:\/\/www.w3.org\/2000\/svg\" version=\"1.0\" viewBox=\"0 0 502 315\" preserveAspectRatio=\"xMidYMid meet\"><g transform=\"translate(0,332) scale(0.1,-0.1)\" fill=\"\" stroke=\"none\"><path d=\"M2394 3279 l-29 -30 -3 -207 c-2 -182 0 -211 15 -242 39 -76 157 -76 196 0 15 31 17 60 15 243 l-3 209 -33 29 c-26 23 -41 29 -80 29 -41 0 -53 -5 -78 -31z\"\/><path d=\"M3085 3251 c-45 -19 -58 -50 -96 -229 -47 -217 -49 -260 -13 -295 52 -53 146 -42 177 20 16 31 87 366 87 410 0 70 -86 122 -155 94z\"\/><path d=\"M1751 3234 c-13 -9 -29 -31 -37 -50 -12 -29 -10 -49 21 -204 19 -94 39 -189 45 -210 14 -50 54 -80 110 -80 34 0 48 6 76 34 21 21 34 44 34 59 0 14 -18 113 -40 219 -37 178 -43 195 -70 221 -36 32 -101 37 -139 11z\"\/><path d=\"M1163 3073 c-36 -7 -73 -59 -73 -102 0 -56 133 -378 171 -413 34 -32 83 -37 129 -13 70 36 67 87 -16 290 -86 209 -89 214 -129 231 -35 14 -42 15 -82 7z\"\/><path d=\"M3689 3066 c-15 -9 -33 -30 -42 -48 -48 -103 -147 -355 -147 -375 0 -98 131 -148 192 -74 13 15 57 108 97 206 80 196 84 226 37 273 -30 30 -99 39 -137 18z\"\/><path d=\"M583 2784 c-38 -19 -67 -74 -58 -113 9 -42 211 -354 242 -373 16 -10 45 -18 66 -18 51 0 107 52 107 100 0 39 -1 41 -124 234 -80 126 -108 162 -133 173 -41 17 -61 16 -100 -3z\"\/><path d=\"M4250 2784 c-14 -9 -74 -91 -133 -183 -95 -150 -107 -173 -107 -213 0 -55 33 -94 87 -104 67 -13 90 8 211 198 130 202 137 225 78 284 -27 27 -42 34 -72 34 -22 0 -50 -8 -64 -16z\"\/><path d=\"M2275 2693 c-553 -48 -1095 -270 -1585 -649 -135 -104 -459 -423 -483 -476 -23 -49 -22 -139 2 -186 73 -142 361 -457 571 -626 285 -228 642 -407 990 -497 242 -63 336 -73 660 -74 310 0 370 5 595 52 535 111 1045 392 1455 803 122 121 250 273 275 326 19 41 19 137 0 174 -41 79 -309 363 -465 492 -447 370 -946 591 -1479 653 -113 14 -422 18 -536 8z m395 -428 c171 -34 330 -124 456 -258 112 -119 167 -219 211 -378 27 -96 24 -300 -5 -401 -72 -255 -236 -447 -474 -557 -132 -62 -201 -76 -368 -76 -167 0 -236 14 -368 76 -213 98 -373 271 -451 485 -162 444 86 934 547 1084 153 49 292 57 452 25z m909 -232 c222 -123 408 -262 593 -441 76 -74 138 -139 138 -144 0 -16 -233 -242 -330 -319 -155 -123 -309 -223 -461 -299 l-81 -41 32 46 c18 26 49 83 70 128 143 306 141 649 -6 957 -25 52 -61 116 -79 142 l-34 47 45 -20 c26 -10 76 -36 113 -56z m-2057 25 c-40 -58 -105 -190 -130 -263 -110 -324 -59 -707 132 -981 25 -35 42 -64 37 -64 -19 0 -241 119 -326 174 -188 122 -406 314 -532 468 l-58 71 108 103 c185 178 428 349 672 473 66 33 121 60 123 61 2 0 -10 -19 -26 -42z\"\/><path d=\"M2375 1950 c-198 -44 -350 -190 -395 -379 -18 -76 -8 -221 19 -290 114 -284 457 -406 731 -260 98 52 188 154 231 260 27 69 37 214 19 290 -38 163 -166 304 -326 360 -67 23 -215 33 -279 19z\"\/><\/g><\/svg><\/i> &nbsp;4,385&nbsp;odwiedzin<\/p><div class=\"pvc_clear\"><\/div>","protected":false},"excerpt":{"rendered":"<p>\u0141obeski Dom Kultury zarz\u0105dza \u015bwietlicami wiejskimi, kt\u00f3re s\u0105 miejscami spotka\u0144 i aktywno\u015bci dla mieszka\u0144c\u00f3w obszar\u00f3w wiejskich. Cele i zadania \u015bwietlic<\/p>\n","protected":false},"author":1,"featured_media":0,"parent":0,"menu_order":0,"comment_status":"closed","ping_status":"closed","template":"","meta":{"sfsi_plus_gutenberg_text_before_share":"","sfsi_plus_gutenberg_show_text_before_share":"","sfsi_plus_gutenberg_icon_type":"","sfsi_plus_gutenberg_icon_alignemt":"","sfsi_plus_gutenburg_max_per_row":"","ngg_post_thumbnail":0},"_links":{"self":[{"href":"https:\/\/lobez-ldk.home.pl\/index.php\/wp-json\/wp\/v2\/pages\/294"}],"collection":[{"href":"https:\/\/lobez-ldk.home.pl\/index.php\/wp-json\/wp\/v2\/pages"}],"about":[{"href":"https:\/\/lobez-ldk.home.pl\/index.php\/wp-json\/wp\/v2\/types\/page"}],"author":[{"embeddable":true,"href":"https:\/\/lobez-ldk.home.pl\/index.php\/wp-json\/wp\/v2\/users\/1"}],"replies":[{"embeddable":true,"href":"https:\/\/lobez-ldk.home.pl\/index.php\/wp-json\/wp\/v2\/comments?post=294"}],"version-history":[{"count":2,"href":"https:\/\/lobez-ldk.home.pl\/index.php\/wp-json\/wp\/v2\/pages\/294\/revisions"}],"predecessor-version":[{"id":2359,"href":"https:\/\/lobez-ldk.home.pl\/index.php\/wp-json\/wp\/v2\/pages\/294\/revisions\/2359"}],"wp:attachment":[{"href":"https:\/\/lobez-ldk.home.pl\/index.php\/wp-json\/wp\/v2\/media?parent=294"}],"curies":[{"name":"wp","href":"https:\/\/api.w.org\/{rel}","templated":true}]}}